{"id":10,"date":"2025-12-17T07:35:09","date_gmt":"2025-12-17T07:35:09","guid":{"rendered":"https:\/\/a-cedef.uem.mz\/wordpress\/?page_id=10"},"modified":"2025-12-17T15:39:00","modified_gmt":"2025-12-17T15:39:00","slug":"home","status":"publish","type":"page","link":"https:\/\/a-cedef.uem.mz\/wordpress\/","title":{"rendered":"Home"},"content":{"rendered":"\t\t<div data-elementor-type=\"wp-page\" data-elementor-id=\"10\" class=\"elementor elementor-10\">\n\t\t\t\t<div class=\"elementor-element elementor-element-3f2e3ef e-flex e-con-boxed e-con e-parent\" data-id=\"3f2e3ef\" data-element_type=\"container\">\n\t\t\t\t\t<div class=\"e-con-inner\">\n\t\t\t\t<div class=\"elementor-element elementor-element-7973154 elementor-widget elementor-widget-shortcode\" data-id=\"7973154\" data-element_type=\"widget\" data-widget_type=\"shortcode.default\">\n\t\t\t\t\t\t\t<div class=\"elementor-shortcode\"><\/div>\n\t\t\t\t\t\t<\/div>\n\t\t\t\t\t<\/div>\n\t\t\t\t<\/div>\n\t\t<div class=\"elementor-element elementor-element-a04d0ee e-flex e-con-boxed e-con e-parent\" data-id=\"a04d0ee\" data-element_type=\"container\">\n\t\t\t\t\t<div class=\"e-con-inner\">\n\t\t\t\t<div class=\"elementor-element elementor-element-71efd8f elementor-widget elementor-widget-heading\" data-id=\"71efd8f\" data-element_type=\"widget\" data-widget_type=\"heading.default\">\n\t\t\t\t\t<h2 class=\"elementor-heading-title elementor-size-default\">Bem-vindo \u00e0 Acad\u00e9mica-Centro de Desenvolvimento <br>de Desporto e Educa\u00e7\u00e3o F\u00edsica<\/h2>\t\t\t\t<\/div>\n\t\t\t\t<div class=\"elementor-element elementor-element-253313e elementor-widget elementor-widget-text-editor\" data-id=\"253313e\" data-element_type=\"widget\" data-widget_type=\"text-editor.default\">\n\t\t\t\t\t\t\t\t\t<p>A Acad\u00e9mica-Centro \u00a0da Universidade Eduardo Mondlane existe deste 1971 e funcionava no 3\u00ba Andar do edif\u00edcio da antiga Reitoria da UEM (na pra\u00e7a 25 de Junho, Baixa da Cidade de Maputo). <span style=\"font-style: inherit;font-weight: inherit\">Desde a sua funda\u00e7\u00e3o at\u00e9 1986 ministrava somente o curso de \u00a0economia.<\/span> Em 1986 introduziu tamb\u00e9m o Curso de Gest\u00e3o. At\u00e9 o ano 2000, j\u00e1 tinha graduado mais de 625 estudantes nos Cursos de Licenciatura e Bacharelato em Economia e Gest\u00e3o. Como forma de responder a demanda cada vez mais crescente nos cursos leccionados nesta Escola, em 2001 introduziu o turno de P\u00f3s Laboral. Em 2004, introduziu o Curso de Licenciatura em Contabilidade e Finan\u00e7as. Em 2006, os Cursos de Mestrado em Economia do Desenvolvimento e \u00a0de Gest\u00e3o Empresarial. Actualmente, a Faculdade de Economia lecciona quatro cursos de Licenciatura, cinco cursos de mestrado e dois de Doutoramento.<\/p>\t\t\t\t\t\t\t\t<\/div>\n\t\t\t\t\t<\/div>\n\t\t\t\t<\/div>\n\t\t<div class=\"elementor-element elementor-element-3049440 e-flex e-con-boxed e-con e-parent\" data-id=\"3049440\" data-element_type=\"container\" data-settings=\"{&quot;background_background&quot;:&quot;classic&quot;}\">\n\t\t\t\t\t<div class=\"e-con-inner\">\n\t\t\t\t<div class=\"elementor-element elementor-element-093d218 elementor-widget__width-initial elementor-widget elementor-widget-heading\" data-id=\"093d218\" data-element_type=\"widget\" data-widget_type=\"heading.default\">\n\t\t\t\t\t<h5 class=\"elementor-heading-title elementor-size-default\"><a href=\"https:\/\/ahm.ghost.uem.mz\/sobre-o-arquivo-historico-de-mocambique\/\">SOBRE O CENTRO<\/a><\/h5>\t\t\t\t<\/div>\n\t\t\t\t\t<\/div>\n\t\t\t\t<\/div>\n\t\t<div class=\"elementor-element elementor-element-60613be e-grid e-con-boxed e-con e-parent\" data-id=\"60613be\" data-element_type=\"container\" data-settings=\"{&quot;background_background&quot;:&quot;classic&quot;}\">\n\t\t\t\t\t<div class=\"e-con-inner\">\n\t\t\t\t<div class=\"elementor-element elementor-element-ddde2d7 elementor-widget elementor-widget-text-editor\" data-id=\"ddde2d7\" data-element_type=\"widget\" data-widget_type=\"text-editor.default\">\n\t\t\t\t\t\t\t\t\t<div class=\"textwidget\"><h4><strong>DIREC\u00c7\u00c3O:<\/strong><\/h4><ul><li><p>Director: <strong>EDMUNDO FRANCISCO MACU\u00c1CUA<\/strong><\/p><\/li><\/ul><ul><li><p>Director-Adjunto Administrativo e Financeiro: <strong>JUMA ABIBO PACUNETE MUSSA<\/strong><\/p><\/li><\/ul><ul><li><p>Director-Adjunto T\u00e9cnico: <strong>RENATO AUGUSTO PEREIRA<\/strong><\/p><\/li><\/ul><\/div>\t\t\t\t\t\t\t\t<\/div>\n\t\t<div class=\"elementor-element elementor-element-ea7960a e-con-full e-flex e-con e-child\" data-id=\"ea7960a\" data-element_type=\"container\">\n\t\t\t\t<div class=\"elementor-element elementor-element-dfe161d elementor-widget elementor-widget-text-editor\" data-id=\"dfe161d\" data-element_type=\"widget\" data-widget_type=\"text-editor.default\">\n\t\t\t\t\t\t\t\t\t<p><strong>DEPARTAMENTOS<\/strong><\/p>\t\t\t\t\t\t\t\t<\/div>\n\t\t\t\t<div class=\"elementor-element elementor-element-eb2689b elementor-position-left elementor-view-default elementor-mobile-position-top elementor-widget elementor-widget-icon-box\" data-id=\"eb2689b\" data-element_type=\"widget\" data-widget_type=\"icon-box.default\">\n\t\t\t\t\t\t\t<div class=\"elementor-icon-box-wrapper\">\n\n\t\t\t\t\t\t<div class=\"elementor-icon-box-icon\">\n\t\t\t\t<a href=\"https:\/\/ahm.ghost.uem.mz\/departamento-de-arquivos-permanentes\/\" class=\"elementor-icon\" tabindex=\"-1\" aria-label=\"Departamento de Arquivos Permanentes\">\n\t\t\t\t<i aria-hidden=\"true\" class=\"icon icon-document\"><\/i>\t\t\t\t<\/a>\n\t\t\t<\/div>\n\t\t\t\n\t\t\t\t\t\t<div class=\"elementor-icon-box-content\">\n\n\t\t\t\t\t\t\t\t\t<h6 class=\"elementor-icon-box-title\">\n\t\t\t\t\t\t<a href=\"https:\/\/ahm.ghost.uem.mz\/departamento-de-arquivos-permanentes\/\" >\n\t\t\t\t\t\t\tDepartamento de Arquivos Permanentes\t\t\t\t\t\t<\/a>\n\t\t\t\t\t<\/h6>\n\t\t\t\t\n\t\t\t\t\n\t\t\t<\/div>\n\t\t\t\n\t\t<\/div>\n\t\t\t\t\t\t<\/div>\n\t\t\t\t<div class=\"elementor-element elementor-element-c2750be elementor-position-left elementor-view-default elementor-mobile-position-top elementor-widget elementor-widget-icon-box\" data-id=\"c2750be\" data-element_type=\"widget\" data-widget_type=\"icon-box.default\">\n\t\t\t\t\t\t\t<div class=\"elementor-icon-box-wrapper\">\n\n\t\t\t\t\t\t<div class=\"elementor-icon-box-icon\">\n\t\t\t\t<a href=\"https:\/\/ahm.ghost.uem.mz\/competencias-do-departamento-de-gestao-de-documentos\/\" class=\"elementor-icon\" tabindex=\"-1\" aria-label=\"Departamento de Gest\u00e3o de Documentos\">\n\t\t\t\t<i aria-hidden=\"true\" class=\"icon icon-Document-Search\"><\/i>\t\t\t\t<\/a>\n\t\t\t<\/div>\n\t\t\t\n\t\t\t\t\t\t<div class=\"elementor-icon-box-content\">\n\n\t\t\t\t\t\t\t\t\t<h6 class=\"elementor-icon-box-title\">\n\t\t\t\t\t\t<a href=\"https:\/\/ahm.ghost.uem.mz\/competencias-do-departamento-de-gestao-de-documentos\/\" >\n\t\t\t\t\t\t\tDepartamento de Gest\u00e3o de Documentos\t\t\t\t\t\t<\/a>\n\t\t\t\t\t<\/h6>\n\t\t\t\t\n\t\t\t\t\n\t\t\t<\/div>\n\t\t\t\n\t\t<\/div>\n\t\t\t\t\t\t<\/div>\n\t\t\t\t<div class=\"elementor-element elementor-element-2aeaee0 elementor-position-left elementor-view-default elementor-mobile-position-top elementor-widget elementor-widget-icon-box\" data-id=\"2aeaee0\" data-element_type=\"widget\" data-widget_type=\"icon-box.default\">\n\t\t\t\t\t\t\t<div class=\"elementor-icon-box-wrapper\">\n\n\t\t\t\t\t\t<div class=\"elementor-icon-box-icon\">\n\t\t\t\t<a href=\"https:\/\/ahm.ghost.uem.mz\/departamento-de-investigacao-e-extensao\/\" class=\"elementor-icon\" tabindex=\"-1\" aria-label=\"Departamento de Investiga\u00e7\u00e3o e Extens\u00e3o\">\n\t\t\t\t<svg aria-hidden=\"true\" class=\"e-font-icon-svg e-far-newspaper\" viewBox=\"0 0 576 512\" xmlns=\"http:\/\/www.w3.org\/2000\/svg\"><path d=\"M552 64H112c-20.858 0-38.643 13.377-45.248 32H24c-13.255 0-24 10.745-24 24v272c0 30.928 25.072 56 56 56h496c13.255 0 24-10.745 24-24V88c0-13.255-10.745-24-24-24zM48 392V144h16v248c0 4.411-3.589 8-8 8s-8-3.589-8-8zm480 8H111.422c.374-2.614.578-5.283.578-8V112h416v288zM172 280h136c6.627 0 12-5.373 12-12v-96c0-6.627-5.373-12-12-12H172c-6.627 0-12 5.373-12 12v96c0 6.627 5.373 12 12 12zm28-80h80v40h-80v-40zm-40 140v-24c0-6.627 5.373-12 12-12h136c6.627 0 12 5.373 12 12v24c0 6.627-5.373 12-12 12H172c-6.627 0-12-5.373-12-12zm192 0v-24c0-6.627 5.373-12 12-12h104c6.627 0 12 5.373 12 12v24c0 6.627-5.373 12-12 12H364c-6.627 0-12-5.373-12-12zm0-144v-24c0-6.627 5.373-12 12-12h104c6.627 0 12 5.373 12 12v24c0 6.627-5.373 12-12 12H364c-6.627 0-12-5.373-12-12zm0 72v-24c0-6.627 5.373-12 12-12h104c6.627 0 12 5.373 12 12v24c0 6.627-5.373 12-12 12H364c-6.627 0-12-5.373-12-12z\"><\/path><\/svg>\t\t\t\t<\/a>\n\t\t\t<\/div>\n\t\t\t\n\t\t\t\t\t\t<div class=\"elementor-icon-box-content\">\n\n\t\t\t\t\t\t\t\t\t<h6 class=\"elementor-icon-box-title\">\n\t\t\t\t\t\t<a href=\"https:\/\/ahm.ghost.uem.mz\/departamento-de-investigacao-e-extensao\/\" >\n\t\t\t\t\t\t\tDepartamento de Investiga\u00e7\u00e3o e Extens\u00e3o\t\t\t\t\t\t<\/a>\n\t\t\t\t\t<\/h6>\n\t\t\t\t\n\t\t\t\t\n\t\t\t<\/div>\n\t\t\t\n\t\t<\/div>\n\t\t\t\t\t\t<\/div>\n\t\t\t\t<div class=\"elementor-element elementor-element-b83be6a elementor-position-left elementor-view-default elementor-mobile-position-top elementor-widget elementor-widget-icon-box\" data-id=\"b83be6a\" data-element_type=\"widget\" data-widget_type=\"icon-box.default\">\n\t\t\t\t\t\t\t<div class=\"elementor-icon-box-wrapper\">\n\n\t\t\t\t\t\t<div class=\"elementor-icon-box-icon\">\n\t\t\t\t<a href=\"https:\/\/ahm.ghost.uem.mz\/departamento-de-arquivos-e-coleccoes-especiais\/\" class=\"elementor-icon\" tabindex=\"-1\" aria-label=\"Departamento de Arquivos e Colec\u00e7\u00f5es Especiais\">\n\t\t\t\t<svg aria-hidden=\"true\" class=\"e-font-icon-svg e-far-images\" viewBox=\"0 0 576 512\" xmlns=\"http:\/\/www.w3.org\/2000\/svg\"><path d=\"M480 416v16c0 26.51-21.49 48-48 48H48c-26.51 0-48-21.49-48-48V176c0-26.51 21.49-48 48-48h16v48H54a6 6 0 0 0-6 6v244a6 6 0 0 0 6 6h372a6 6 0 0 0 6-6v-10h48zm42-336H150a6 6 0 0 0-6 6v244a6 6 0 0 0 6 6h372a6 6 0 0 0 6-6V86a6 6 0 0 0-6-6zm6-48c26.51 0 48 21.49 48 48v256c0 26.51-21.49 48-48 48H144c-26.51 0-48-21.49-48-48V80c0-26.51 21.49-48 48-48h384zM264 144c0 22.091-17.909 40-40 40s-40-17.909-40-40 17.909-40 40-40 40 17.909 40 40zm-72 96l39.515-39.515c4.686-4.686 12.284-4.686 16.971 0L288 240l103.515-103.515c4.686-4.686 12.284-4.686 16.971 0L480 208v80H192v-48z\"><\/path><\/svg>\t\t\t\t<\/a>\n\t\t\t<\/div>\n\t\t\t\n\t\t\t\t\t\t<div class=\"elementor-icon-box-content\">\n\n\t\t\t\t\t\t\t\t\t<h6 class=\"elementor-icon-box-title\">\n\t\t\t\t\t\t<a href=\"https:\/\/ahm.ghost.uem.mz\/departamento-de-arquivos-e-coleccoes-especiais\/\" >\n\t\t\t\t\t\t\tDepartamento de Arquivos e Colec\u00e7\u00f5es Especiais\t\t\t\t\t\t<\/a>\n\t\t\t\t\t<\/h6>\n\t\t\t\t\n\t\t\t\t\n\t\t\t<\/div>\n\t\t\t\n\t\t<\/div>\n\t\t\t\t\t\t<\/div>\n\t\t\t\t<div class=\"elementor-element elementor-element-389f56e elementor-position-left elementor-view-default elementor-mobile-position-top elementor-widget elementor-widget-icon-box\" data-id=\"389f56e\" data-element_type=\"widget\" data-widget_type=\"icon-box.default\">\n\t\t\t\t\t\t\t<div class=\"elementor-icon-box-wrapper\">\n\n\t\t\t\t\t\t<div class=\"elementor-icon-box-icon\">\n\t\t\t\t<a href=\"https:\/\/ahm.ghost.uem.mz\/departamento-de-tecnologias-de-informacao-e-transferencia-de-suportes\/\" class=\"elementor-icon\" tabindex=\"-1\" aria-label=\"Departamento de tecnologia de Informa\u00e7\u00e3o e Transfer\u00eancia de Suportes\">\n\t\t\t\t<svg aria-hidden=\"true\" class=\"e-font-icon-svg e-far-clone\" viewBox=\"0 0 512 512\" xmlns=\"http:\/\/www.w3.org\/2000\/svg\"><path d=\"M464 0H144c-26.51 0-48 21.49-48 48v48H48c-26.51 0-48 21.49-48 48v320c0 26.51 21.49 48 48 48h320c26.51 0 48-21.49 48-48v-48h48c26.51 0 48-21.49 48-48V48c0-26.51-21.49-48-48-48zM362 464H54a6 6 0 0 1-6-6V150a6 6 0 0 1 6-6h42v224c0 26.51 21.49 48 48 48h224v42a6 6 0 0 1-6 6zm96-96H150a6 6 0 0 1-6-6V54a6 6 0 0 1 6-6h308a6 6 0 0 1 6 6v308a6 6 0 0 1-6 6z\"><\/path><\/svg>\t\t\t\t<\/a>\n\t\t\t<\/div>\n\t\t\t\n\t\t\t\t\t\t<div class=\"elementor-icon-box-content\">\n\n\t\t\t\t\t\t\t\t\t<h6 class=\"elementor-icon-box-title\">\n\t\t\t\t\t\t<a href=\"https:\/\/ahm.ghost.uem.mz\/departamento-de-tecnologias-de-informacao-e-transferencia-de-suportes\/\" >\n\t\t\t\t\t\t\tDepartamento de tecnologia de Informa\u00e7\u00e3o e Transfer\u00eancia de Suportes\t\t\t\t\t\t<\/a>\n\t\t\t\t\t<\/h6>\n\t\t\t\t\n\t\t\t\t\n\t\t\t<\/div>\n\t\t\t\n\t\t<\/div>\n\t\t\t\t\t\t<\/div>\n\t\t\t\t<div class=\"elementor-element elementor-element-942b7ed elementor-position-left elementor-view-default elementor-mobile-position-top elementor-widget elementor-widget-icon-box\" data-id=\"942b7ed\" data-element_type=\"widget\" data-widget_type=\"icon-box.default\">\n\t\t\t\t\t\t\t<div class=\"elementor-icon-box-wrapper\">\n\n\t\t\t\t\t\t<div class=\"elementor-icon-box-icon\">\n\t\t\t\t<a href=\"https:\/\/ahm.ghost.uem.mz\/departamento-de-administracao-e-financas\/\" class=\"elementor-icon\" tabindex=\"-1\" aria-label=\"Departamento de Administra\u00e7\u00e3o e Finan\u00e7as\">\n\t\t\t\t<i aria-hidden=\"true\" class=\"icon icon-finance-book\"><\/i>\t\t\t\t<\/a>\n\t\t\t<\/div>\n\t\t\t\n\t\t\t\t\t\t<div class=\"elementor-icon-box-content\">\n\n\t\t\t\t\t\t\t\t\t<h6 class=\"elementor-icon-box-title\">\n\t\t\t\t\t\t<a href=\"https:\/\/ahm.ghost.uem.mz\/departamento-de-administracao-e-financas\/\" >\n\t\t\t\t\t\t\tDepartamento de Administra\u00e7\u00e3o e Finan\u00e7as\t\t\t\t\t\t<\/a>\n\t\t\t\t\t<\/h6>\n\t\t\t\t\n\t\t\t\t\n\t\t\t<\/div>\n\t\t\t\n\t\t<\/div>\n\t\t\t\t\t\t<\/div>\n\t\t\t\t<div class=\"elementor-element elementor-element-7167bbb elementor-position-left elementor-view-default elementor-mobile-position-top elementor-widget elementor-widget-icon-box\" data-id=\"7167bbb\" data-element_type=\"widget\" data-widget_type=\"icon-box.default\">\n\t\t\t\t\t\t\t<div class=\"elementor-icon-box-wrapper\">\n\n\t\t\t\t\t\t<div class=\"elementor-icon-box-icon\">\n\t\t\t\t<a href=\"https:\/\/ahm.ghost.uem.mz\/departamento-do-arquivo-central-da-uem\/\" class=\"elementor-icon\" tabindex=\"-1\" aria-label=\"Departamento do Arquivo Central da UEM\">\n\t\t\t\t<i aria-hidden=\"true\" class=\"icon icon-folders1\"><\/i>\t\t\t\t<\/a>\n\t\t\t<\/div>\n\t\t\t\n\t\t\t\t\t\t<div class=\"elementor-icon-box-content\">\n\n\t\t\t\t\t\t\t\t\t<h6 class=\"elementor-icon-box-title\">\n\t\t\t\t\t\t<a href=\"https:\/\/ahm.ghost.uem.mz\/departamento-do-arquivo-central-da-uem\/\" >\n\t\t\t\t\t\t\tDepartamento do Arquivo Central da UEM\t\t\t\t\t\t<\/a>\n\t\t\t\t\t<\/h6>\n\t\t\t\t\n\t\t\t\t\n\t\t\t<\/div>\n\t\t\t\n\t\t<\/div>\n\t\t\t\t\t\t<\/div>\n\t\t\t\t<\/div>\n\t\t\t\t<div class=\"elementor-element elementor-element-a989329 elementor-widget elementor-widget-text-editor\" data-id=\"a989329\" data-element_type=\"widget\" data-widget_type=\"text-editor.default\">\n\t\t\t\t\t\t\t\t\t<div class=\"textwidget\"><h4><strong>SERVI\u00c7OS:<\/strong><\/h4><ul><li><p>Investiga\u00e7\u00e3o hist\u00f3rica e arquiv\u00edstica;<\/p><\/li><li><p>Avalia\u00e7\u00e3o e selec\u00e7\u00e3o de documentos;<\/p><\/li><li><p>Forma\u00e7\u00e3o e assist\u00eancia t\u00e9cnica em arquivos e gest\u00e3o de documentos;<\/p><\/li><li><p>Digitaliza\u00e7\u00e3o e microfilmagem;<\/p><\/li><li><p>Atendimento ao P\u00fablico ;<\/p><\/li><li><p>Editora\u00e7\u00e3o e promo\u00e7\u00e3o de eventos t\u00e9cnico-cient\u00edficos;<\/p><\/li><li><p>Reprografia e emiss\u00e3o de certid\u00f5es de nascimento, casamentos e \u00f3bitos, com base nos livros de registos dos anos 1865 a 1934.<\/p><\/li><\/ul><ol><li style=\"list-style-type: none\">\u00a0<\/li><\/ol><\/div>\t\t\t\t\t\t\t\t<\/div>\n\t\t\t\t\t<\/div>\n\t\t\t\t<\/div>\n\t\t<div class=\"elementor-element elementor-element-1422731 e-flex e-con-boxed e-con e-parent\" data-id=\"1422731\" data-element_type=\"container\">\n\t\t\t\t\t<div class=\"e-con-inner\">\n\t\t\t\t<div class=\"elementor-element elementor-element-ee77d7b elementor-widget-divider--view-line_text elementor-widget-divider--element-align-center elementor-widget elementor-widget-divider\" data-id=\"ee77d7b\" data-element_type=\"widget\" data-widget_type=\"divider.default\">\n\t\t\t\t\t\t\t<div class=\"elementor-divider\">\n\t\t\t<span class=\"elementor-divider-separator\">\n\t\t\t\t\t\t\t<span class=\"elementor-divider__text elementor-divider__element\">\n\t\t\t\tNOT\u00cdCIAS\t\t\t\t<\/span>\n\t\t\t\t\t\t<\/span>\n\t\t<\/div>\n\t\t\t\t\t\t<\/div>\n\t\t\t\t\t<\/div>\n\t\t\t\t<\/div>\n\t\t<div class=\"elementor-element elementor-element-1e7da99 e-flex e-con-boxed e-con e-parent\" data-id=\"1e7da99\" data-element_type=\"container\">\n\t\t\t\t\t<div class=\"e-con-inner\">\n\t\t\t\t<div class=\"elementor-element elementor-element-12c33c3 animated-fast elementor-invisible elementor-widget elementor-widget-hfe-basic-posts\" data-id=\"12c33c3\" data-element_type=\"widget\" data-settings=\"{&quot;_animation&quot;:&quot;slideInRight&quot;}\" data-widget_type=\"hfe-basic-posts.default\">\n\t\t\t\t<div class=\"elementor-widget-container\">\n\t\t\t\t\t\n<div class=\"hfe-posts-grid\">\n\t\t\t<article class=\"hfe-post-card\">\n\t\t\t\t\t\t\t<div class=\"hfe-post-image\">\n\t\t\t\t\t<a href=\"https:\/\/a-cedef.uem.mz\/wordpress\/index.php\/2025\/12\/06\/campus-limpo\/\" rel=\"bookmark\">\n\t\t\t\t\t\t<img loading=\"lazy\" decoding=\"async\" width=\"2048\" height=\"1536\" src=\"https:\/\/a-cedef.uem.mz\/wordpress\/wp-content\/uploads\/2025\/12\/594078419_845527511567573_7601401725965490606_n.jpg\" class=\"attachment-full size-full wp-post-image\" alt=\"Campus Limpo\" loading=\"lazy\" srcset=\"https:\/\/a-cedef.uem.mz\/wordpress\/wp-content\/uploads\/2025\/12\/594078419_845527511567573_7601401725965490606_n.jpg 2048w, https:\/\/a-cedef.uem.mz\/wordpress\/wp-content\/uploads\/2025\/12\/594078419_845527511567573_7601401725965490606_n-300x225.jpg 300w, https:\/\/a-cedef.uem.mz\/wordpress\/wp-content\/uploads\/2025\/12\/594078419_845527511567573_7601401725965490606_n-1024x768.jpg 1024w, https:\/\/a-cedef.uem.mz\/wordpress\/wp-content\/uploads\/2025\/12\/594078419_845527511567573_7601401725965490606_n-768x576.jpg 768w, https:\/\/a-cedef.uem.mz\/wordpress\/wp-content\/uploads\/2025\/12\/594078419_845527511567573_7601401725965490606_n-1536x1152.jpg 1536w\" sizes=\"auto, (max-width: 2048px) 100vw, 2048px\" \/>\t\t\t\t\t<\/a>\n\t\t\t\t<\/div>\n\t\t\t\n\t\t\t<div class=\"hfe-post-content\">\n\t\t\t\t\t\t\t\t\t<h3 class=\"hfe-post-title\">\n\t\t\t\t\t\t<a href=\"https:\/\/a-cedef.uem.mz\/wordpress\/index.php\/2025\/12\/06\/campus-limpo\/\" rel=\"bookmark\">\n\t\t\t\t\t\t\tCampus Limpo\t\t\t\t\t\t<\/a>\n\t\t\t\t\t<\/h3>\n\t\t\t\t\n\t\t\t\t\n\t\t\t\t\t\t\t\t\t<div class=\"hfe-post-excerpt\">\n\t\t\t\t\t\tTeve lugar hoje, s\u00e1bado, dia 06 de Dezembro, a cerim\u00f3nia de encerramento da Liga UEM &#8211; 2025, competi\u00e7\u00e3o destinada aos [&hellip;]\t\t\t\t\t<\/div>\n\t\t\t\t\n\t\t\t\t\t\t\t\t\t<a href=\"https:\/\/a-cedef.uem.mz\/wordpress\/index.php\/2025\/12\/06\/campus-limpo\/\" class=\"hfe-read-more\" rel=\"bookmark\">\n\t\t\t\t\t\tRead More \u2192\t\t\t\t\t<\/a>\n\t\t\t\t\t\t\t<\/div>\n\t\t<\/article>\n\t\t\t\t<article class=\"hfe-post-card\">\n\t\t\t\t\t\t\t<div class=\"hfe-post-image\">\n\t\t\t\t\t<a href=\"https:\/\/a-cedef.uem.mz\/wordpress\/index.php\/2025\/11\/15\/legua-alusivo-ao-dia-dos-estudantes\/\" rel=\"bookmark\">\n\t\t\t\t\t\t<img loading=\"lazy\" decoding=\"async\" width=\"960\" height=\"1280\" src=\"https:\/\/a-cedef.uem.mz\/wordpress\/wp-content\/uploads\/2025\/12\/WhatsApp-Image-2025-11-21-at-14.20.32.jpeg\" class=\"attachment-full size-full wp-post-image\" alt=\"L\u00e9gua alusivo ao dia dos estudantes\" loading=\"lazy\" srcset=\"https:\/\/a-cedef.uem.mz\/wordpress\/wp-content\/uploads\/2025\/12\/WhatsApp-Image-2025-11-21-at-14.20.32.jpeg 960w, https:\/\/a-cedef.uem.mz\/wordpress\/wp-content\/uploads\/2025\/12\/WhatsApp-Image-2025-11-21-at-14.20.32-225x300.jpeg 225w, https:\/\/a-cedef.uem.mz\/wordpress\/wp-content\/uploads\/2025\/12\/WhatsApp-Image-2025-11-21-at-14.20.32-768x1024.jpeg 768w\" sizes=\"auto, (max-width: 960px) 100vw, 960px\" \/>\t\t\t\t\t<\/a>\n\t\t\t\t<\/div>\n\t\t\t\n\t\t\t<div class=\"hfe-post-content\">\n\t\t\t\t\t\t\t\t\t<h3 class=\"hfe-post-title\">\n\t\t\t\t\t\t<a href=\"https:\/\/a-cedef.uem.mz\/wordpress\/index.php\/2025\/11\/15\/legua-alusivo-ao-dia-dos-estudantes\/\" rel=\"bookmark\">\n\t\t\t\t\t\t\tL\u00e9gua alusivo ao dia dos estudantes\t\t\t\t\t\t<\/a>\n\t\t\t\t\t<\/h3>\n\t\t\t\t\n\t\t\t\t\n\t\t\t\t\t\t\t\t\t<div class=\"hfe-post-excerpt\">\n\t\t\t\t\t\tA tradicional L\u00e9gua 17 de Novembro \u00e9 um dos maiores eventos desportivos da Universidade Eduardo Mondlane, envolvendo estudantes, atletas populares [&hellip;]\t\t\t\t\t<\/div>\n\t\t\t\t\n\t\t\t\t\t\t\t\t\t<a href=\"https:\/\/a-cedef.uem.mz\/wordpress\/index.php\/2025\/11\/15\/legua-alusivo-ao-dia-dos-estudantes\/\" class=\"hfe-read-more\" rel=\"bookmark\">\n\t\t\t\t\t\tRead More \u2192\t\t\t\t\t<\/a>\n\t\t\t\t\t\t\t<\/div>\n\t\t<\/article>\n\t\t\t\t<article class=\"hfe-post-card\">\n\t\t\t\t\t\t\t<div class=\"hfe-post-image\">\n\t\t\t\t\t<a href=\"https:\/\/a-cedef.uem.mz\/wordpress\/index.php\/2025\/07\/25\/xi-edicao-dos-jogos-da-uem\/\" rel=\"bookmark\">\n\t\t\t\t\t\t<img loading=\"lazy\" decoding=\"async\" width=\"1284\" height=\"774\" src=\"https:\/\/a-cedef.uem.mz\/wordpress\/wp-content\/uploads\/2025\/12\/524722297_731843126296401_6689076420351867070_n.jpg\" class=\"attachment-full size-full wp-post-image\" alt=\"XI edi\u00e7\u00e3o dos Jogos da UEM\" loading=\"lazy\" srcset=\"https:\/\/a-cedef.uem.mz\/wordpress\/wp-content\/uploads\/2025\/12\/524722297_731843126296401_6689076420351867070_n.jpg 1284w, https:\/\/a-cedef.uem.mz\/wordpress\/wp-content\/uploads\/2025\/12\/524722297_731843126296401_6689076420351867070_n-300x181.jpg 300w, https:\/\/a-cedef.uem.mz\/wordpress\/wp-content\/uploads\/2025\/12\/524722297_731843126296401_6689076420351867070_n-1024x617.jpg 1024w, https:\/\/a-cedef.uem.mz\/wordpress\/wp-content\/uploads\/2025\/12\/524722297_731843126296401_6689076420351867070_n-768x463.jpg 768w\" sizes=\"auto, (max-width: 1284px) 100vw, 1284px\" \/>\t\t\t\t\t<\/a>\n\t\t\t\t<\/div>\n\t\t\t\n\t\t\t<div class=\"hfe-post-content\">\n\t\t\t\t\t\t\t\t\t<h3 class=\"hfe-post-title\">\n\t\t\t\t\t\t<a href=\"https:\/\/a-cedef.uem.mz\/wordpress\/index.php\/2025\/07\/25\/xi-edicao-dos-jogos-da-uem\/\" rel=\"bookmark\">\n\t\t\t\t\t\t\tXI edi\u00e7\u00e3o dos Jogos da UEM\t\t\t\t\t\t<\/a>\n\t\t\t\t\t<\/h3>\n\t\t\t\t\n\t\t\t\t\n\t\t\t\t\t\t\t\t\t<div class=\"hfe-post-excerpt\">\n\t\t\t\t\t\tTiveram lugar entre os dias 19 e 25 de Julho de 2025 a XI edi\u00e7\u00e3o dos Jogos da UEM, organizada [&hellip;]\t\t\t\t\t<\/div>\n\t\t\t\t\n\t\t\t\t\t\t\t\t\t<a href=\"https:\/\/a-cedef.uem.mz\/wordpress\/index.php\/2025\/07\/25\/xi-edicao-dos-jogos-da-uem\/\" class=\"hfe-read-more\" rel=\"bookmark\">\n\t\t\t\t\t\tRead More \u2192\t\t\t\t\t<\/a>\n\t\t\t\t\t\t\t<\/div>\n\t\t<\/article>\n\t\t<\/div>\n\t\t\t\t<\/div>\n\t\t\t\t<\/div>\n\t\t\t\t\t<\/div>\n\t\t\t\t<\/div>\n\t\t\t\t<\/div>\n\t\t","protected":false},"excerpt":{"rendered":"<p>Bem-vindo \u00e0 Acad\u00e9mica-Centro de Desenvolvimento de Desporto e Educa\u00e7\u00e3o F\u00edsica A Acad\u00e9mica-Centro \u00a0da Universidade Eduardo Mondlane existe deste 1971 e [&hellip;]<\/p>\n","protected":false},"author":1,"featured_media":0,"parent":0,"menu_order":0,"comment_status":"closed","ping_status":"closed","template":"","meta":{"site-sidebar-layout":"no-sidebar","site-content-layout":"plain-container","ast-site-content-layout":"default","site-content-style":"default","site-sidebar-style":"default","ast-global-header-display":"","ast-banner-title-visibility":"","ast-main-header-display":"","ast-hfb-above-header-display":"","ast-hfb-below-header-display":"","ast-hfb-mobile-header-display":"","site-post-title":"disabled","ast-breadcrumbs-content":"","ast-featured-img":"","footer-sml-layout":"","ast-disable-related-posts":"","theme-transparent-header-meta":"enabled","adv-header-id-meta":"","stick-header-meta":"","header-above-stick-meta":"","header-main-stick-meta":"","header-below-stick-meta":"","astra-migrate-meta-layouts":"default","ast-page-background-enabled":"default","ast-page-background-meta":{"desktop":{"background-color":"var(--ast-global-color-5)","background-image":"","background-repeat":"repeat","background-position":"center center","background-size":"auto","background-attachment":"scroll","background-type":"","background-media":"","overlay-type":"","overlay-color":"","overlay-opacity":"","overlay-gradient":""},"tablet":{"background-color":"","background-image":"","background-repeat":"repeat","background-position":"center center","background-size":"auto","background-attachment":"scroll","background-type":"","background-media":"","overlay-type":"","overlay-color":"","overlay-opacity":"","overlay-gradient":""},"mobile":{"background-color":"","background-image":"","background-repeat":"repeat","background-position":"center center","background-size":"auto","background-attachment":"scroll","background-type":"","background-media":"","overlay-type":"","overlay-color":"","overlay-opacity":"","overlay-gradient":""}},"ast-content-background-meta":{"desktop":{"background-color":"var(--ast-global-color-4)","background-image":"","background-repeat":"repeat","background-position":"center center","background-size":"auto","background-attachment":"scroll","background-type":"","background-media":"","overlay-type":"","overlay-color":"","overlay-opacity":"","overlay-gradient":""},"tablet":{"background-color":"var(--ast-global-color-4)","background-image":"","background-repeat":"repeat","background-position":"center center","background-size":"auto","background-attachment":"scroll","background-type":"","background-media":"","overlay-type":"","overlay-color":"","overlay-opacity":"","overlay-gradient":""},"mobile":{"background-color":"var(--ast-global-color-4)","background-image":"","background-repeat":"repeat","background-position":"center center","background-size":"auto","background-attachment":"scroll","background-type":"","background-media":"","overlay-type":"","overlay-color":"","overlay-opacity":"","overlay-gradient":""}},"footnotes":""},"class_list":["post-10","page","type-page","status-publish","hentry"],"_links":{"self":[{"href":"https:\/\/a-cedef.uem.mz\/wordpress\/index.php\/wp-json\/wp\/v2\/pages\/10","targetHints":{"allow":["GET"]}}],"collection":[{"href":"https:\/\/a-cedef.uem.mz\/wordpress\/index.php\/wp-json\/wp\/v2\/pages"}],"about":[{"href":"https:\/\/a-cedef.uem.mz\/wordpress\/index.php\/wp-json\/wp\/v2\/types\/page"}],"author":[{"embeddable":true,"href":"https:\/\/a-cedef.uem.mz\/wordpress\/index.php\/wp-json\/wp\/v2\/users\/1"}],"replies":[{"embeddable":true,"href":"https:\/\/a-cedef.uem.mz\/wordpress\/index.php\/wp-json\/wp\/v2\/comments?post=10"}],"version-history":[{"count":30,"href":"https:\/\/a-cedef.uem.mz\/wordpress\/index.php\/wp-json\/wp\/v2\/pages\/10\/revisions"}],"predecessor-version":[{"id":121,"href":"https:\/\/a-cedef.uem.mz\/wordpress\/index.php\/wp-json\/wp\/v2\/pages\/10\/revisions\/121"}],"wp:attachment":[{"href":"https:\/\/a-cedef.uem.mz\/wordpress\/index.php\/wp-json\/wp\/v2\/media?parent=10"}],"curies":[{"name":"wp","href":"https:\/\/api.w.org\/{rel}","templated":true}]}}